{"id":23,"date":"2014-09-06T18:21:38","date_gmt":"2014-09-06T16:21:38","guid":{"rendered":"http:\/\/berarte.es\/de\/?page_id=23"},"modified":"2024-01-21T19:05:43","modified_gmt":"2024-01-21T17:05:43","slug":"ueber-uns","status":"publish","type":"page","link":"http:\/\/berarte.es\/de\/ueber-uns\/","title":{"rendered":"\u00dcber Uns"},"content":{"rendered":"<figure id=\"attachment_99\" class=\"thumbnail wp-caption alignright\" style=\"width: 200px\"><a href=\"http:\/\/berarte.es\/wp-content\/uploads\/2014\/03\/about-us2.jpg\"><img loading=\"lazy\" decoding=\"async\" class=\" wp-image-99   \" style=\"margin-left: 20px; margin-right: 20px;\" title=\"Jos\u00e9 Antonio Berrueco\" src=\"http:\/\/berarte.es\/wp-content\/uploads\/2014\/03\/about-us2-300x300.jpg\" alt=\"Jos\u00e9 Antonio Berrueco\" width=\"200\" height=\"200\" \/><\/a><figcaption class=\"caption wp-caption-text\">Jos\u00e9 Antonio Berrueco<\/figcaption><\/figure>\n<p style=\"text-align: justify;\">Wir sind ein Familienweingut in Villabuena de \u00c1lava, Rioja Alavesa, im Herzen des Weinanbaugebietes der Qualifizierten Herkunftsbezeichnung La Rioja (DOCa Rioja), Spanien. Wir sind die dritte Generation der Familie, die die Weinberge und die Weinkellerei f\u00fchrt. Wir besitzen 14 Hektar Weinberge und stellen hochwertige Weine mit der h\u00f6chsten Qualit\u00e4tsstufe, der DOCa (Denominaci\u00f3n de Origen Calificada), her.<\/p>\n<p><strong>Die Personen<\/strong><\/p>\n<p style=\"text-align: justify;\">Unser Vater, <strong>Jos\u00e9 Antonio Berrueco<\/strong>, \u00fcbergab im Jahr 2012 die F\u00fchrung der Weinberge und der Weinkellerei an seine drei Kinder. <strong>Inmaculada Berrueco<\/strong>, die \u00e4lteste der drei Geschwister leitet das Tagesgesch\u00e4ft und wird von unserem Vater und ihren Geschwistern unterst\u00fctzt.<\/p>\n<p>&nbsp;<\/p>\n<figure id=\"attachment_98\" class=\"thumbnail wp-caption alignleft\" style=\"width: 200px\"><a href=\"http:\/\/berarte.es\/wp-content\/uploads\/2014\/03\/about-us1.jpg\"><img loading=\"lazy\" decoding=\"async\" class=\"wp-image-98       \" style=\"margin-left: 5px; margin-right: 20px;\" title=\"Inmaculada Berrueco\" src=\"http:\/\/berarte.es\/wp-content\/uploads\/2014\/03\/about-us1-300x300.jpg\" alt=\"Inmaculada Berrueco\" width=\"200\" height=\"200\" \/><\/a><figcaption class=\"caption wp-caption-text\">Inmaculada Berrueco<\/figcaption><\/figure>\n<p style=\"text-align: justify;\">Inmaculada hat einen Universit\u00e4tsabschluss in Chemiewissenschaften und ist \u00d6nologin. Bevor sie Vollzeit in das Familienprojekt eingestiegen ist, hat sie in der Weinindustrie in verschiedenen renommierten Weing\u00fctern und gr\u00f6\u00dferen Unternehmen \u00fcber 20 Jahre Erfahrung gesammelt. Dar\u00fcber hinaus verf\u00fcgt sie \u00fcber Lehrerfahrung an der Universit\u00e4t von La Rioja, wo sie derzeit <strong>Lehrbeauftragte im Fachbereich f\u00fcr Landwirtschaft und Ern\u00e4hrung<\/strong> ist.<\/p>\n<p>&nbsp;<\/p>\n","protected":false},"excerpt":{"rendered":"<p>Wir sind ein Familienweingut in Villabuena de \u00c1lava, Rioja Alavesa, im Herzen des Weinanbaugebietes der Qualifizierten Herkunftsbezeichnung La Rioja (DOCa Rioja), Spanien. Wir sind die dritte Generation der Familie, die die Weinberge und die Weinkellerei f\u00fchrt. Wir besitzen 14 Hektar &hellip; <a href=\"http:\/\/berarte.es\/de\/ueber-uns\/\">Continued<\/a><\/p>\n","protected":false},"author":1,"featured_media":0,"parent":0,"menu_order":0,"comment_status":"closed","ping_status":"closed","template":"page-sidebar.php","meta":{"footnotes":""},"_links":{"self":[{"href":"http:\/\/berarte.es\/de\/wp-json\/wp\/v2\/pages\/23"}],"collection":[{"href":"http:\/\/berarte.es\/de\/wp-json\/wp\/v2\/pages"}],"about":[{"href":"http:\/\/berarte.es\/de\/wp-json\/wp\/v2\/types\/page"}],"author":[{"embeddable":true,"href":"http:\/\/berarte.es\/de\/wp-json\/wp\/v2\/users\/1"}],"replies":[{"embeddable":true,"href":"http:\/\/berarte.es\/de\/wp-json\/wp\/v2\/comments?post=23"}],"version-history":[{"count":3,"href":"http:\/\/berarte.es\/de\/wp-json\/wp\/v2\/pages\/23\/revisions"}],"predecessor-version":[{"id":63,"href":"http:\/\/berarte.es\/de\/wp-json\/wp\/v2\/pages\/23\/revisions\/63"}],"wp:attachment":[{"href":"http:\/\/berarte.es\/de\/wp-json\/wp\/v2\/media?parent=23"}],"curies":[{"name":"wp","href":"https:\/\/api.w.org\/{rel}","templated":true}]}}