{"id":25,"date":"2014-09-07T08:32:57","date_gmt":"2014-09-07T06:32:57","guid":{"rendered":"http:\/\/berarte.es\/de\/?page_id=25"},"modified":"2024-01-21T19:05:54","modified_gmt":"2024-01-21T17:05:54","slug":"weinberge-und-bodega","status":"publish","type":"page","link":"http:\/\/berarte.es\/de\/weinberge-und-bodega\/","title":{"rendered":"Weinberge und Bodega"},"content":{"rendered":"<h4 style=\"text-align: justify;\"><strong>Weinberge<\/strong><\/h4>\n<p>Unsere Weinberge liegen in der Region Rioja Alavesa, einer f\u00fcr den Weinbau, die Herstellung und Lagerung von Qualit\u00e4tsweinen besonders geeigneten Region der DOCa Rioja.<\/p>\n<p>Unser Weingut umfasst 14 Hektar Weinberge mit limitiertem Ertrag. Die Weinberge liegen zwischen der Sierra de Cantabria und dem Fluss Ebro. Sie befinden sich haupts\u00e4chlich in Rioja Alavesa und einige auch in Rioja Alta.<\/p>\n<p>Unsere Weinberge zusammengefasst:<\/p>\n<ul style=\"text-align: justify;\">\n<li>kleine Weinlagen<\/li>\n<li>\u00a0ton- und kalkhaltiger Boden, Trockenfeldbau (ohne Bew\u00e4sserung)<\/li>\n<li>Gobeletschnitt<\/li>\n<li>Durchschnittsalter: &gt; 40 Jahre<\/li>\n<li>durchschnittliche H\u00f6henlage der Weinberge: 480 m (\u00fc. d. M.)<\/li>\n<li>Jahresniederschlag: zwischen 400 und 500 mm<\/li>\n<li>durchschnittliche Jahrestemperatur: 12-13 \u00b0C<\/li>\n<li>Sonnenstunden pro Jahr: rund 2.000 h<\/li>\n<li>rote Rebsorte: Tempranillo<\/li>\n<li>wei\u00dfe Rebsorte: Viura<\/li>\n<\/ul>\n<p>&nbsp;<\/p>\n<h4 style=\"text-align: justify;\"><strong>Bodega<\/strong><\/h4>\n<p>Unsere Kellerei befindet sich in Villabuena de \u00c1lava, im Herzen der Rioja Alavesa, einer f\u00fcr den Weinbau, die Herstellung und Lagerung von Qualit\u00e4tsweinen besonders geeigneten Region der DOCa Rioja.<\/p>\n<p>Unsere Familie ist seit 1970 in der Weinbranche t\u00e4tig, als unser Gro\u00dfvater zusammen mit unserem Vater begann, den ersten Wein aus den eigenen Weinbergen zu vermarkten.<\/p>\n<p>Das Kellereigeb\u00e4ude ist in den 80er Jahren in der typischen und traditionellen Bauweise der Region errichtet worden. Die Kellerei befindet sich im Zentrum des Dorfes, zwischen zwei Stra\u00dfen auf unterschiedlichen H\u00f6hen und hat f\u00fcnf Ebenen, die den Einsatz der Schwerkraft bei er Weinherstellung erm\u00f6glichen:<\/p>\n<ul>\n<li style=\"text-align: justify;\">Auf Ebene 5 findet die Traubenannahme statt (Hauptstra\u00dfe).<\/li>\n<li style=\"text-align: justify;\">Auf Ebene 4 befinden sich offene und geschlossene G\u00e4rtanks aus Beton. Hier wird die alkoholische G\u00e4rung durchgef\u00fchrt.<\/li>\n<li style=\"text-align: justify;\">Ebene 3 ist in zwei Bereiche unterteilt: Der erste befindet sich unter den G\u00e4rtanks und dort wird die Weinbereitung mit dem Abstich fortgesetzt. Der zweite Bereich ist vom ersten getrennt und dient dem Abf\u00fcllen, Verpacken und Versand.<\/li>\n<li style=\"text-align: justify;\">Auf Ebene 2 (Halbsouterrain) befinden sich geschlossene Betontanks, in denen die malolaktische G\u00e4rung stattfindet.<\/li>\n<li style=\"text-align: justify;\">Auf Ebene 1 (Untergeschoss) sind die Barriquef\u00e4sser und der Bereich der Flaschenreifung. Die F\u00e4sser sind aus amerikanischer und franz\u00f6sischer Eiche.<\/li>\n<\/ul>\n","protected":false},"excerpt":{"rendered":"<p>Weinberge Unsere Weinberge liegen in der Region Rioja Alavesa, einer f\u00fcr den Weinbau, die Herstellung und Lagerung von Qualit\u00e4tsweinen besonders geeigneten Region der DOCa Rioja. Unser Weingut umfasst 14 Hektar Weinberge mit limitiertem Ertrag. Die Weinberge liegen zwischen der Sierra &hellip; <a href=\"http:\/\/berarte.es\/de\/weinberge-und-bodega\/\">Continued<\/a><\/p>\n","protected":false},"author":1,"featured_media":0,"parent":0,"menu_order":0,"comment_status":"closed","ping_status":"closed","template":"page-feature-sidebar.php","meta":{"footnotes":""},"_links":{"self":[{"href":"http:\/\/berarte.es\/de\/wp-json\/wp\/v2\/pages\/25"}],"collection":[{"href":"http:\/\/berarte.es\/de\/wp-json\/wp\/v2\/pages"}],"about":[{"href":"http:\/\/berarte.es\/de\/wp-json\/wp\/v2\/types\/page"}],"author":[{"embeddable":true,"href":"http:\/\/berarte.es\/de\/wp-json\/wp\/v2\/users\/1"}],"replies":[{"embeddable":true,"href":"http:\/\/berarte.es\/de\/wp-json\/wp\/v2\/comments?post=25"}],"version-history":[{"count":3,"href":"http:\/\/berarte.es\/de\/wp-json\/wp\/v2\/pages\/25\/revisions"}],"predecessor-version":[{"id":71,"href":"http:\/\/berarte.es\/de\/wp-json\/wp\/v2\/pages\/25\/revisions\/71"}],"wp:attachment":[{"href":"http:\/\/berarte.es\/de\/wp-json\/wp\/v2\/media?parent=25"}],"curies":[{"name":"wp","href":"https:\/\/api.w.org\/{rel}","templated":true}]}}