{"id":27,"date":"2014-09-07T08:39:54","date_gmt":"2014-09-07T06:39:54","guid":{"rendered":"http:\/\/berarte.es\/de\/?page_id=27"},"modified":"2024-01-21T19:06:09","modified_gmt":"2024-01-21T17:06:09","slug":"weine","status":"publish","type":"page","link":"http:\/\/berarte.es\/de\/weine\/","title":{"rendered":"Weine"},"content":{"rendered":"<p>Der Stil unserer Weine ist vor allem Rotwein aus der DOCa Rioja, mit intensiven Aromen von roten Fr\u00fcchten, mittlerer S\u00e4ure, reifen Tanninen und mittlel- bis vollmundig. Die Jungweine sind fruchtig mit erfrischender S\u00e4ure. Die gereiften Weine (Crianza und Reserva) entwickeln komplexe Aromen und Geschmacksrichtungen, die Tannine werden weicher und interessante R\u00f6staromen der Eiche kommen zum Vorschein. Weine aus Rioja Alavesa werden wesentlich vom Klima und Boden, dem &#8220;Terroir&#8221;, beeinflusst.<\/p>\n<p>Traditionell waren wei\u00dfe Trauben auf unserem Weingut f\u00fcr den Verkauf bestimmt und deshalb haben wir keinen Wei\u00dfwein hergestellt. 2013 jedoch w\u00e4hlten wir die besten wei\u00dfen Trauben aus unseren Weinbergen und stellten einen halbtrockenen Wei\u00dfwein her, der sich bei unseren Kunden und Freunden gro\u00dfer Beliebtheit erfreut.<\/p>\n<h4 style=\"text-align: justify;\"><strong>Weinbau<\/strong><\/h4>\n<p style=\"text-align: justify;\">Die Hauptrebsorte in unserem Weingut ist Tempranillo. Die Trauben haben dickschalige Beeren, reifen fr\u00fch und gedeihen besonders gut in kalkhaltigen B\u00f6den, der vorherrschende Bodentyp in unseren Weinbergen. Diese Traube hat von Natur aus wenig S\u00e4ure und deshalb ist in unserer Kellerei der genaue Zeitpunkt der Lese der Schl\u00fcssel f\u00fcr eine gute physiologischen Reife, ohne dabei zu viel S\u00e4ure zu verlieren, die n\u00f6tig ist, um gut strukturierte Weine zu erhalten. Unsere Reben werden in Buschform erzogen und werden strenger Ertragskontrolle unterzogen, um gesunde Trauben von guter Qualit\u00e4t und optimalen Reifegrad zu erhalten. Die Lese ist von Hand, was uns eine Selektion der Trauben direkt am Rebstock erm\u00f6glicht. Unreife Trauben oder Trauben, die nicht den Qualit\u00e4tsstandards unserer Winzerei entsprechen, werden aussortiert.<\/p>\n<h4 style=\"text-align: justify;\"><strong>Herstellung: Weinbereitung<\/strong><\/h4>\n<p style=\"text-align: justify;\">Unsere Trauben kommen nur wenige Minuten nach der Lese in der Kellerei an, was den Empfang der Trauben in perfektem Gesundheitszustand und mit optimaler Qualit\u00e4t garantiert. In der Kellerei werden die Trauben entrappt (die Beeren werden vom Traubenger\u00fcst abgel\u00f6st), jedoch nicht gepresst (die Beeren bleiben intakt). Die alkoholische G\u00e4rung findet in Betontanks statt. Da die Beeren nicht gequetscht werden, setzt die alkoholische G\u00e4rung innerhalb der Beeren ein, fast ohne Sauerstoff. Dadurch verg\u00e4rt die Glukose in einem nat\u00fcrlichen Prozess zu Alkohol. Dieser Prozess nennt sich \u201cmac\u00e9ration semi-carbonique\u201c und ergibt weiche, sehr aromatische und fruchtige Weine. W\u00e4hrend der G\u00e4rung wird der Most zweimal t\u00e4glich umgepumpt, um die Extraktion von Farb- und Gerbstoffen zu maximieren. Sobald die alkoholische G\u00e4rung abgeschlossen ist, erfolgt der erste Abstich. Die Traubenreste werden gepresst und der Most wird in geschlossene Beh\u00e4lter abgef\u00fcllt, wo die malolaktische G\u00e4rung stattfindet. In dieser zweiten G\u00e4rung wird die herbe Apfels\u00e4ure in milder schmeckende Milchs\u00e4ure umgewandelt, dabei wird der S\u00e4uregehalt verringert und der Wein schmeckt weicher.<\/p>\n<h4 style=\"text-align: justify;\"><strong>Herstellung: Reifeprozess<\/strong><\/h4>\n<p style=\"text-align: justify;\">Sobald die Weinbereitung beendet ist, kann der Wein entweder f\u00fcr die Abf\u00fcllung als Jungwein oder f\u00fcr den Barrique-Ausbau vorbereitet werden. In beiden F\u00e4llen wird der Wein gekl\u00e4rt, um Schwebeteilchen und andere Feststoffe zu entfernen, da diese sonst in Form von Ausf\u00e4llungen oder Tr\u00fcbungen im abgef\u00fcllten Wein erscheinen k\u00f6nnen. Die Weinkl\u00e4rung erfolgt durch einen zweiten Abstich, wobei sich die Feststoffe entweder auf nat\u00fcrliche Weise unter dem Einfluss der Schwerkraft absetzen (bei gr\u00f6\u00dferen Teilchen wie Reste von Beerenschalen) oder unter Verwendung von Kl\u00e4rmitteln, die dabei helfen die kleinsten Partikel, die nicht mit Hilfe der Schwerkraft absinken, zu entfernen. Ein n\u00e4chster Schritt in diesem Prozess ist die Filtration unter Verwendung spezieller Filter. Nach diesen Verfahren wird der Wein entweder als Jungwein in Flaschen abgef\u00fcllt oder in Barriquef\u00e4ssern einem l\u00e4ngeren Reifeprozess unterzogen. W\u00e4hrend dieser Fassreifung erwirbt der Wein Tannine und R\u00f6staromen der Eiche, aber die gr\u00f6\u00dfte Bedeutung hat die langsame und schonende Mikrooxigenation, die dazu beitr\u00e4gt, dem Wein Komplexit\u00e4t und Charakter zu verleihen, indem die Tannine gemildert und stabilisiert werden.<\/p>\n","protected":false},"excerpt":{"rendered":"<p>Der Stil unserer Weine ist vor allem Rotwein aus der DOCa Rioja, mit intensiven Aromen von roten Fr\u00fcchten, mittlerer S\u00e4ure, reifen Tanninen und mittlel- bis vollmundig. Die Jungweine sind fruchtig mit erfrischender S\u00e4ure. Die gereiften Weine (Crianza und Reserva) entwickeln &hellip; <a href=\"http:\/\/berarte.es\/de\/weine\/\">Continued<\/a><\/p>\n","protected":false},"author":1,"featured_media":0,"parent":0,"menu_order":0,"comment_status":"closed","ping_status":"closed","template":"page-feature-sidebar.php","meta":{"footnotes":""},"_links":{"self":[{"href":"http:\/\/berarte.es\/de\/wp-json\/wp\/v2\/pages\/27"}],"collection":[{"href":"http:\/\/berarte.es\/de\/wp-json\/wp\/v2\/pages"}],"about":[{"href":"http:\/\/berarte.es\/de\/wp-json\/wp\/v2\/types\/page"}],"author":[{"embeddable":true,"href":"http:\/\/berarte.es\/de\/wp-json\/wp\/v2\/users\/1"}],"replies":[{"embeddable":true,"href":"http:\/\/berarte.es\/de\/wp-json\/wp\/v2\/comments?post=27"}],"version-history":[{"count":2,"href":"http:\/\/berarte.es\/de\/wp-json\/wp\/v2\/pages\/27\/revisions"}],"predecessor-version":[{"id":70,"href":"http:\/\/berarte.es\/de\/wp-json\/wp\/v2\/pages\/27\/revisions\/70"}],"wp:attachment":[{"href":"http:\/\/berarte.es\/de\/wp-json\/wp\/v2\/media?parent=27"}],"curies":[{"name":"wp","href":"https:\/\/api.w.org\/{rel}","templated":true}]}}