{"id":33,"date":"2014-08-27T22:42:56","date_gmt":"2014-08-27T20:42:56","guid":{"rendered":"http:\/\/berarte.es\/de\/?page_id=33"},"modified":"2024-01-21T19:04:25","modified_gmt":"2024-01-21T17:04:25","slug":"berarte-rot-wein-rioja","status":"publish","type":"page","link":"http:\/\/berarte.es\/de\/berarte-rot-wein-rioja\/","title":{"rendered":"Berarte Junger Rotwein Rioja"},"content":{"rendered":"<figure id=\"attachment_121\" class=\"thumbnail wp-caption alignleft\" style=\"width: 84px\"><a href=\"http:\/\/berarte.es\/en\/wp-content\/uploads\/2014\/03\/Berarte_white-black.png\"><img loading=\"lazy\" decoding=\"async\" class=\"   \" style=\"margin-left: 0px; margin-right: 20px;\" src=\"http:\/\/berarte.es\/en\/wp-content\/uploads\/2014\/03\/Berarte_white-black-84x300.png\" alt=\"Berarte Tinto Rioja Joven 2013\" width=\"84\" height=\"300\" \/><\/a><figcaption class=\"caption wp-caption-text\">Berarte Joven 2013<\/figcaption><\/figure>\n<p style=\"padding-left: 90px;\"><strong>Rotwein, DOCa Rioja<\/strong><br \/>\n100% Tempranillo<br \/>\nJahrgang 2013<br \/>\n14 % vol.<br \/>\nServiertemperatur: 16-18\u00ba C<\/p>\n<p style=\"padding-left: 90px;\">Jung, fruchtig und blumig. Der etwas andere Jungwein, frisch und wohlschmeckend. Perfekt, um ihn jederzeit zu genie\u00dfen.<\/p>\n<p style=\"padding-left: 90px;\">Klar und sauber, lebendiges Purpurrot mit violetten R\u00e4ndern. In der Nase ist er rein, ausgepr\u00e4gt blumig mit Aromen von roten Fr\u00fcchten. Am Gaumen frisch und fruchtig mit intensiven Aromen von roten Fr\u00fcchten und einer perfekten Balance zwischen S\u00e4ure und reifen Tanninen. K\u00f6rper: mittel- bis vollmundig mit angenehmem, langem Abgang.<\/p>\n<p style=\"padding-left: 90px;\">Alkoholgehalt: 14 %<\/p>\n<p style=\"padding-left: 90px;\">Gesamts\u00e4uregehalt\u00a0: 5,18 g.\/l.<\/p>\n<p style=\"padding-left: 90px;\">pH-Wert: 3,81<\/p>\n<p style=\"padding-left: 90px;\">Fl\u00fcchtige S\u00e4uren: 0,51 g.\/l.<\/p>\n<p style=\"padding-left: 90px;\">\u00a0 \u00a0Schwefeldioxid insgesamt: 59 mg.\/l.<\/p>\n","protected":false},"excerpt":{"rendered":"<p>Rotwein, DOCa Rioja 100% Tempranillo Jahrgang 2013 14 % vol. Serviertemperatur: 16-18\u00ba C Jung, fruchtig und blumig. Der etwas andere Jungwein, frisch und wohlschmeckend. Perfekt, um ihn jederzeit zu genie\u00dfen. Klar und sauber, lebendiges Purpurrot mit violetten R\u00e4ndern. In der &hellip; <a href=\"http:\/\/berarte.es\/de\/berarte-rot-wein-rioja\/\">Continued<\/a><\/p>\n","protected":false},"author":1,"featured_media":0,"parent":0,"menu_order":0,"comment_status":"closed","ping_status":"open","template":"page-sidebar.php","meta":{"footnotes":""},"_links":{"self":[{"href":"http:\/\/berarte.es\/de\/wp-json\/wp\/v2\/pages\/33"}],"collection":[{"href":"http:\/\/berarte.es\/de\/wp-json\/wp\/v2\/pages"}],"about":[{"href":"http:\/\/berarte.es\/de\/wp-json\/wp\/v2\/types\/page"}],"author":[{"embeddable":true,"href":"http:\/\/berarte.es\/de\/wp-json\/wp\/v2\/users\/1"}],"replies":[{"embeddable":true,"href":"http:\/\/berarte.es\/de\/wp-json\/wp\/v2\/comments?post=33"}],"version-history":[{"count":5,"href":"http:\/\/berarte.es\/de\/wp-json\/wp\/v2\/pages\/33\/revisions"}],"predecessor-version":[{"id":87,"href":"http:\/\/berarte.es\/de\/wp-json\/wp\/v2\/pages\/33\/revisions\/87"}],"wp:attachment":[{"href":"http:\/\/berarte.es\/de\/wp-json\/wp\/v2\/media?parent=33"}],"curies":[{"name":"wp","href":"https:\/\/api.w.org\/{rel}","templated":true}]}}