{"id":35,"date":"2014-09-07T08:57:13","date_gmt":"2014-09-07T06:57:13","guid":{"rendered":"http:\/\/berarte.es\/de\/?page_id=35"},"modified":"2024-01-21T19:04:17","modified_gmt":"2024-01-21T17:04:17","slug":"berarte-crianza-rotwein-rioja","status":"publish","type":"page","link":"http:\/\/berarte.es\/de\/berarte-crianza-rotwein-rioja\/","title":{"rendered":"Berarte Crianza Rotwein Rioja"},"content":{"rendered":"<p><a style=\"color: #005580; text-decoration: underline;\" href=\"http:\/\/berarte.es\/wp-content\/uploads\/2014\/03\/Berarte_Crz_front.png\"><img loading=\"lazy\" decoding=\"async\" class=\"size-medium wp-image-234 alignleft\" style=\"margin-left: 20px; margin-right: 20px;\" src=\"http:\/\/berarte.es\/wp-content\/uploads\/2014\/03\/Berarte_Crz_front-79x300.png\" alt=\"Berarte_Crz_front\" width=\"79\" height=\"300\" \/><\/a><\/p>\n<p><strong>Rotwein, Crianza DOCa Rioja<\/strong><br \/>\n100% Tempranillo.<br \/>\nJahrgang 2011<br \/>\n12 Monate im Barriquefass gereift<br \/>\n13,50 % vol.<br \/>\nServiertemperatur: 16-18\u00ba C<\/p>\n<p>Fein und raffiniert. Noch fruchtig, mit gut eingebundenen R\u00f6staromen der Eiche. Zum sofortigen Genuss geeignet, ist aber auch gut f\u00fcr die weitere Lagerung vorbereitet.<\/p>\n<p>Intensives Rubinrot, klar und sauber. Aromen von roten Fr\u00fcchten und Vanille, mit leichten balsamischen Noten. Am Gaumen rote Fr\u00fcchte, Lakritz und ger\u00f6stetes Zedernholz. Rund und ausgewogen mit angenehmem, langem Abgang.<\/p>\n<p>&nbsp;<\/p>\n<p style=\"padding-left: 120px;\">Alkoholgehalt: 13,5 %<br \/>\nGesamts\u00e4uregehalt: 5,0 g.\/l.<br \/>\npH-Wert: 3,65<br \/>\nFl\u00fcchtige S\u00e4uren: 0,46 g.\/l.<br \/>\nSchwefeldioxid insgesamt: 60 mg.\/l.<\/p>\n","protected":false},"excerpt":{"rendered":"<p>Rotwein, Crianza DOCa Rioja 100% Tempranillo. Jahrgang 2011 12 Monate im Barriquefass gereift 13,50 % vol. Serviertemperatur: 16-18\u00ba C Fein und raffiniert. Noch fruchtig, mit gut eingebundenen R\u00f6staromen der Eiche. Zum sofortigen Genuss geeignet, ist aber auch gut f\u00fcr die &hellip; <a href=\"http:\/\/berarte.es\/de\/berarte-crianza-rotwein-rioja\/\">Continued<\/a><\/p>\n","protected":false},"author":1,"featured_media":0,"parent":0,"menu_order":0,"comment_status":"closed","ping_status":"closed","template":"page-sidebar.php","meta":{"footnotes":""},"_links":{"self":[{"href":"http:\/\/berarte.es\/de\/wp-json\/wp\/v2\/pages\/35"}],"collection":[{"href":"http:\/\/berarte.es\/de\/wp-json\/wp\/v2\/pages"}],"about":[{"href":"http:\/\/berarte.es\/de\/wp-json\/wp\/v2\/types\/page"}],"author":[{"embeddable":true,"href":"http:\/\/berarte.es\/de\/wp-json\/wp\/v2\/users\/1"}],"replies":[{"embeddable":true,"href":"http:\/\/berarte.es\/de\/wp-json\/wp\/v2\/comments?post=35"}],"version-history":[{"count":5,"href":"http:\/\/berarte.es\/de\/wp-json\/wp\/v2\/pages\/35\/revisions"}],"predecessor-version":[{"id":84,"href":"http:\/\/berarte.es\/de\/wp-json\/wp\/v2\/pages\/35\/revisions\/84"}],"wp:attachment":[{"href":"http:\/\/berarte.es\/de\/wp-json\/wp\/v2\/media?parent=35"}],"curies":[{"name":"wp","href":"https:\/\/api.w.org\/{rel}","templated":true}]}}