{"id":37,"date":"2014-09-07T09:03:06","date_gmt":"2014-09-07T07:03:06","guid":{"rendered":"http:\/\/berarte.es\/de\/?page_id=37"},"modified":"2024-01-21T19:04:47","modified_gmt":"2024-01-21T17:04:47","slug":"berarte-reserva-rotwein-rioja","status":"publish","type":"page","link":"http:\/\/berarte.es\/de\/berarte-reserva-rotwein-rioja\/","title":{"rendered":"Berarte Reserva Rotwein Rioja"},"content":{"rendered":"<p><strong><a href=\"http:\/\/berarte.es\/wp-content\/uploads\/2014\/03\/Berarte_Rva_front.png\"><img loading=\"lazy\" decoding=\"async\" class=\"size-medium wp-image-236 alignleft\" style=\"margin-left: 20px; margin-right: 20px;\" src=\"http:\/\/berarte.es\/wp-content\/uploads\/2014\/03\/Berarte_Rva_front-79x300.png\" alt=\"Berarte_Rva_front\" width=\"79\" height=\"300\" \/><\/a><\/strong><\/p>\n<p><strong>Rotwein\u00a0Reserva DOCa Rioja<\/strong><br \/>\n100% Tempranillo.<br \/>\nJahrgang 2009<br \/>\n12 Monate im Barriquefass gereift (amerikanischer Eiche)<br \/>\n12 Monate in der Flasche gereift<br \/>\n13,50 % vol.<br \/>\nServiertemperatur: 16-18\u00ba C<\/p>\n<p>Hervorragender Reserva-Wein mit Noten von ger\u00f6stetem Eichenholz, wo die Frucht noch zu sp\u00fcren ist.<\/p>\n<p>Intensives Rubinrot, klar und tief in der Farbe. Komplexe und intensive Aromen von roten Beeren, reifen Fr\u00fcchten, Gew\u00fcrzen und ger\u00f6stetem Eichenholz. Am Gaumen ist er rund und ausgewogen mit langem und angenehmem Abgang.<\/p>\n<p style=\"padding-left: 120px;\">Alkoholgehalt: 13,5 %<br \/>\nGesamts\u00e4uregehalt: 5,3 g.\/l.<br \/>\npH-Wert: 3,54<br \/>\nFl\u00fcchtige S\u00e4uren: 0,50 g.\/l.<br \/>\nSchwefeldioxid insgesamt: 60 mg.\/l.<\/p>\n<p>&nbsp;<\/p>\n","protected":false},"excerpt":{"rendered":"<p>Rotwein\u00a0Reserva DOCa Rioja 100% Tempranillo. Jahrgang 2009 12 Monate im Barriquefass gereift (amerikanischer Eiche) 12 Monate in der Flasche gereift 13,50 % vol. Serviertemperatur: 16-18\u00ba C Hervorragender Reserva-Wein mit Noten von ger\u00f6stetem Eichenholz, wo die Frucht noch zu sp\u00fcren ist. &hellip; <a href=\"http:\/\/berarte.es\/de\/berarte-reserva-rotwein-rioja\/\">Continued<\/a><\/p>\n","protected":false},"author":1,"featured_media":0,"parent":0,"menu_order":0,"comment_status":"closed","ping_status":"closed","template":"page-sidebar.php","meta":{"footnotes":""},"_links":{"self":[{"href":"http:\/\/berarte.es\/de\/wp-json\/wp\/v2\/pages\/37"}],"collection":[{"href":"http:\/\/berarte.es\/de\/wp-json\/wp\/v2\/pages"}],"about":[{"href":"http:\/\/berarte.es\/de\/wp-json\/wp\/v2\/types\/page"}],"author":[{"embeddable":true,"href":"http:\/\/berarte.es\/de\/wp-json\/wp\/v2\/users\/1"}],"replies":[{"embeddable":true,"href":"http:\/\/berarte.es\/de\/wp-json\/wp\/v2\/comments?post=37"}],"version-history":[{"count":2,"href":"http:\/\/berarte.es\/de\/wp-json\/wp\/v2\/pages\/37\/revisions"}],"predecessor-version":[{"id":75,"href":"http:\/\/berarte.es\/de\/wp-json\/wp\/v2\/pages\/37\/revisions\/75"}],"wp:attachment":[{"href":"http:\/\/berarte.es\/de\/wp-json\/wp\/v2\/media?parent=37"}],"curies":[{"name":"wp","href":"https:\/\/api.w.org\/{rel}","templated":true}]}}