{"id":39,"date":"2014-09-07T09:10:23","date_gmt":"2014-09-07T07:10:23","guid":{"rendered":"http:\/\/berarte.es\/de\/?page_id=39"},"modified":"2024-01-21T19:05:08","modified_gmt":"2024-01-21T17:05:08","slug":"berarte-weisswein-halbtrocken-rioja","status":"publish","type":"page","link":"http:\/\/berarte.es\/de\/berarte-weisswein-halbtrocken-rioja\/","title":{"rendered":"Berarte Wei\u00dfwein Halbtrocken Rioja"},"content":{"rendered":"<p><a href=\"http:\/\/berarte.es\/wp-content\/uploads\/2014\/03\/Berarte-Semidulce_300DPI.png\"><img loading=\"lazy\" decoding=\"async\" class=\"size-medium wp-image-239 alignleft\" style=\"margin-left: 20px; margin-right: 20px;\" src=\"http:\/\/berarte.es\/wp-content\/uploads\/2014\/03\/Berarte-Semidulce_300DPI-79x300.png\" alt=\"Berarte Semidulce_300DPI\" width=\"79\" height=\"300\" \/><\/a><\/p>\n<p><strong>Wei\u00dfwein, Halbtrocken, DOCa Rioja<\/strong><br \/>\n100% Viura<br \/>\nJahrgang 2013<br \/>\n12 % vol.<br \/>\nServiertemperatur: 6-8\u00ba C<\/p>\n<p>Jung, fruchtig und blumig. Es ist ein wohlschmeckender, halbtrockener Wein. Passt perfekt zu kleinen H\u00e4ppchen (Foie gras, s\u00fc\u00dfen So\u00dfe, etc.) und Desserts.<\/p>\n<p>Sauber und klar, strohfarben mit goldenen Reflexen. In der Nase leicht blumig mit hervortretenden Noten von reifen Fr\u00fcchten. Am Gaumen weich und geschmeidig mit Noten von Pfirsich, Mango und Ananas.<\/p>\n<p>Alkoholgehalt: 12 %<\/p>\n<p>Zuckergehalt: \u00a044 gr.\/l.<\/p>\n","protected":false},"excerpt":{"rendered":"<p>Wei\u00dfwein, Halbtrocken, DOCa Rioja 100% Viura Jahrgang 2013 12 % vol. Serviertemperatur: 6-8\u00ba C Jung, fruchtig und blumig. Es ist ein wohlschmeckender, halbtrockener Wein. Passt perfekt zu kleinen H\u00e4ppchen (Foie gras, s\u00fc\u00dfen So\u00dfe, etc.) und Desserts. Sauber und klar, strohfarben &hellip; <a href=\"http:\/\/berarte.es\/de\/berarte-weisswein-halbtrocken-rioja\/\">Continued<\/a><\/p>\n","protected":false},"author":1,"featured_media":0,"parent":0,"menu_order":0,"comment_status":"closed","ping_status":"closed","template":"page-sidebar.php","meta":{"footnotes":""},"_links":{"self":[{"href":"http:\/\/berarte.es\/de\/wp-json\/wp\/v2\/pages\/39"}],"collection":[{"href":"http:\/\/berarte.es\/de\/wp-json\/wp\/v2\/pages"}],"about":[{"href":"http:\/\/berarte.es\/de\/wp-json\/wp\/v2\/types\/page"}],"author":[{"embeddable":true,"href":"http:\/\/berarte.es\/de\/wp-json\/wp\/v2\/users\/1"}],"replies":[{"embeddable":true,"href":"http:\/\/berarte.es\/de\/wp-json\/wp\/v2\/comments?post=39"}],"version-history":[{"count":2,"href":"http:\/\/berarte.es\/de\/wp-json\/wp\/v2\/pages\/39\/revisions"}],"predecessor-version":[{"id":76,"href":"http:\/\/berarte.es\/de\/wp-json\/wp\/v2\/pages\/39\/revisions\/76"}],"wp:attachment":[{"href":"http:\/\/berarte.es\/de\/wp-json\/wp\/v2\/media?parent=39"}],"curies":[{"name":"wp","href":"https:\/\/api.w.org\/{rel}","templated":true}]}}