{"id":41,"date":"2014-09-06T18:35:35","date_gmt":"2014-09-06T16:35:35","guid":{"rendered":"http:\/\/berarte.es\/de\/?page_id=41"},"modified":"2024-01-21T19:05:28","modified_gmt":"2024-01-21T17:05:28","slug":"geschichte","status":"publish","type":"page","link":"http:\/\/berarte.es\/de\/geschichte\/","title":{"rendered":"Geschichte"},"content":{"rendered":"<h4><strong>Vor 1970<\/strong><\/h4>\n<p style=\"text-align: justify;\">Unser Gro\u00dfvater war, wie seine Vorfahren, Weinbauer und Winzer. Der Wein, den er vor den 70er Jahren produzierte, wurde nicht von der Familie abgef\u00fcllt und vermarktet, sondern an andere Kellereien (oder &#8220;N\u00e9gociants&#8221;) verkauft.<\/p>\n<h4><strong>1970<\/strong><\/h4>\n<p style=\"text-align: justify;\">1970 schlug unser Vater, Jos\u00e9 Antonio Berrueco, unserem Gro\u00dfvater vor, den eigenen Wein selbst abzuf\u00fcllen und zu vermarkten. Wir sehen unseren Gro\u00dfvater als Wegbereiter unseres Kellers und als erste Generation der Winzerfamilie, weil er es war, der zusammen mit unserem Vater und unserem Onkel begann, unsere abgef\u00fcllten Weine zu vermarkten.<\/p>\n<h4><strong>Anfang der 70er Jahre<\/strong><\/h4>\n<p style=\"text-align: justify;\">In diesen Jahren stellte unser Vater, zusammen mit seinem Bruder, Wein aus den eigenen Weinbergen her, f\u00fcllte ihn ab und vermarktete ihn &#8211; vor allem auf dem lokalen Markt. Der Stil des Weines war ein junger, fruchtiger Rotwein, der durch Kohlens\u00e4uremaischung ganzer Trauben (ohne Abbeeren) hergestellt wurde.<\/p>\n<h4><strong>Mitte der 70er Jahre<\/strong><\/h4>\n<p style=\"text-align: justify;\">1976 kaufte unser Vater die ersten Barriquef\u00e4sser und begann, sein Weinsortiment zu erweitern indem er ausgew\u00e4hlte Weine in Eichenf\u00e4ssern reifen lie\u00df. In jener Zeit entsprach dieser neue Weinstil nicht dem, was wir heute als \u201cCrianza\u201d kennen, da das Ziel unseres Vaters nur war, die Tannine des Jungweines zu mildern und sanfte R\u00f6staromen zu erhalten. Daf\u00fcr war es nicht n\u00f6tig, den Wein ein volles Jahr reifen zu lassen, wie es f\u00fcr Crianza-Weine vorgesehen ist.<\/p>\n<h4><strong>80er Jahre<\/strong><\/h4>\n<p style=\"text-align: justify;\">Die Einrichtungen der Kellerei werden erweitert. Das Weinsortiment bleibt gleich: junger Rotwein und Wein mit einem Hauch von Eiche.<\/p>\n<h4><strong>90er Jahre<\/strong><\/h4>\n<p style=\"text-align: justify;\">Neue Weinberge werden erworben. Der Pflege der Weinberge wird besondere Bedeutung beigemessen. Gleichzeitig werden die ersten Crianza- und Reserva-Weine auf den Markt gebracht.<\/p>\n<h4><strong>Anfang 2000<\/strong><\/h4>\n<p style=\"text-align: justify;\">Die Familie beginnt \u00fcber die Nachfolge f\u00fcr das Familienweingut nachzudenken, zu sprechen und zu planen. Da aber unser Vater weiterhin \u00fcber die n\u00f6tige Kraft und Energie verf\u00fcgt, um das Weingut zu f\u00fchren, kommt der Generationenwechsel nicht zustande, die Nachkommen wirken jedoch zunehmend mit.<\/p>\n<h4><strong>2012<\/strong><\/h4>\n<p style=\"text-align: justify;\">Im Jahr 2012 \u00fcberl\u00e4sst Jos\u00e9 Antonio Berrueco die F\u00fchrung an seine drei Kinder &#8211; die dritte Generation der Familie. Damit soll ein den Weinbergen und dem Wein gewidmetes Lebenswerk weitergef\u00fchrt werden. Das Weingut nimmt den Namen \u201cBerarte Vi\u00f1edos y Bodegas S.L\u201d an.<\/p>\n","protected":false},"excerpt":{"rendered":"<p>Vor 1970 Unser Gro\u00dfvater war, wie seine Vorfahren, Weinbauer und Winzer. Der Wein, den er vor den 70er Jahren produzierte, wurde nicht von der Familie abgef\u00fcllt und vermarktet, sondern an andere Kellereien (oder &#8220;N\u00e9gociants&#8221;) verkauft. 1970 1970 schlug unser Vater, &hellip; <a href=\"http:\/\/berarte.es\/de\/geschichte\/\">Continued<\/a><\/p>\n","protected":false},"author":1,"featured_media":0,"parent":0,"menu_order":0,"comment_status":"closed","ping_status":"closed","template":"page-sidebar.php","meta":{"footnotes":""},"_links":{"self":[{"href":"http:\/\/berarte.es\/de\/wp-json\/wp\/v2\/pages\/41"}],"collection":[{"href":"http:\/\/berarte.es\/de\/wp-json\/wp\/v2\/pages"}],"about":[{"href":"http:\/\/berarte.es\/de\/wp-json\/wp\/v2\/types\/page"}],"author":[{"embeddable":true,"href":"http:\/\/berarte.es\/de\/wp-json\/wp\/v2\/users\/1"}],"replies":[{"embeddable":true,"href":"http:\/\/berarte.es\/de\/wp-json\/wp\/v2\/comments?post=41"}],"version-history":[{"count":5,"href":"http:\/\/berarte.es\/de\/wp-json\/wp\/v2\/pages\/41\/revisions"}],"predecessor-version":[{"id":67,"href":"http:\/\/berarte.es\/de\/wp-json\/wp\/v2\/pages\/41\/revisions\/67"}],"wp:attachment":[{"href":"http:\/\/berarte.es\/de\/wp-json\/wp\/v2\/media?parent=41"}],"curies":[{"name":"wp","href":"https:\/\/api.w.org\/{rel}","templated":true}]}}