{"id":43,"date":"2014-09-06T18:37:24","date_gmt":"2014-09-06T16:37:24","guid":{"rendered":"http:\/\/berarte.es\/de\/?page_id=43"},"modified":"2024-01-21T19:05:22","modified_gmt":"2024-01-21T17:05:22","slug":"die-rioja-alavesa","status":"publish","type":"page","link":"http:\/\/berarte.es\/de\/die-rioja-alavesa\/","title":{"rendered":"Die Rioja Alavesa"},"content":{"rendered":"<p style=\"text-align: justify;\">Unser Weingut und unsere Weinberge liegen in Rioja Alavesa, einer Subregion des Weinanbaugebietes der Qualifizierten Herkunftsbezeichnung La Rioja (DOCa). Die Rioja Alavesa befindet sich am linken Ufer des Flusses Ebro zwischen dem Fluss und der Gebirgskette der Sierra de Cantabria. Knapp 40% der Fl\u00e4che der Rioja Alavesa ist mit Weinbergen bedeckt. Die Rebfl\u00e4che in Rioja Alavesa betr\u00e4gt 12.000 Hektar und die Wirtschaft der Region basiert deshalb auf dem Weinbau und der Herstellung von Qualit\u00e4tsweinen.<\/p>\n","protected":false},"excerpt":{"rendered":"<p>Unser Weingut und unsere Weinberge liegen in Rioja Alavesa, einer Subregion des Weinanbaugebietes der Qualifizierten Herkunftsbezeichnung La Rioja (DOCa). Die Rioja Alavesa befindet sich am linken Ufer des Flusses Ebro zwischen dem Fluss und der Gebirgskette der Sierra de Cantabria. &hellip; <a href=\"http:\/\/berarte.es\/de\/die-rioja-alavesa\/\">Continued<\/a><\/p>\n","protected":false},"author":1,"featured_media":0,"parent":0,"menu_order":0,"comment_status":"closed","ping_status":"closed","template":"page-sidebar.php","meta":{"footnotes":""},"_links":{"self":[{"href":"http:\/\/berarte.es\/de\/wp-json\/wp\/v2\/pages\/43"}],"collection":[{"href":"http:\/\/berarte.es\/de\/wp-json\/wp\/v2\/pages"}],"about":[{"href":"http:\/\/berarte.es\/de\/wp-json\/wp\/v2\/types\/page"}],"author":[{"embeddable":true,"href":"http:\/\/berarte.es\/de\/wp-json\/wp\/v2\/users\/1"}],"replies":[{"embeddable":true,"href":"http:\/\/berarte.es\/de\/wp-json\/wp\/v2\/comments?post=43"}],"version-history":[{"count":2,"href":"http:\/\/berarte.es\/de\/wp-json\/wp\/v2\/pages\/43\/revisions"}],"predecessor-version":[{"id":53,"href":"http:\/\/berarte.es\/de\/wp-json\/wp\/v2\/pages\/43\/revisions\/53"}],"wp:attachment":[{"href":"http:\/\/berarte.es\/de\/wp-json\/wp\/v2\/media?parent=43"}],"curies":[{"name":"wp","href":"https:\/\/api.w.org\/{rel}","templated":true}]}}