{"id":45,"date":"2014-09-06T18:28:28","date_gmt":"2014-09-06T16:28:28","guid":{"rendered":"http:\/\/berarte.es\/de\/?page_id=45"},"modified":"2024-01-21T19:05:48","modified_gmt":"2024-01-21T17:05:48","slug":"vision-mission-und-werte","status":"publish","type":"page","link":"http:\/\/berarte.es\/de\/vision-mission-und-werte\/","title":{"rendered":"Vision, Mission und Werte"},"content":{"rendered":"<h3><a href=\"http:\/\/berarte.es\/wp-content\/uploads\/2014\/03\/grapes.jpg\"><img loading=\"lazy\" decoding=\"async\" class=\"wp-image-106 alignright\" style=\"margin-left: 20px; margin-right: 20px;\" src=\"http:\/\/berarte.es\/wp-content\/uploads\/2014\/03\/grapes-300x300.jpg\" alt=\"grapes\" width=\"200\" height=\"200\" \/><\/a><b>Vision<\/b><\/h3>\n<p style=\"text-align: justify;\">Wir m\u00f6chten ein f\u00fchrendes Weingut in dieser Branche sein und als solches handeln, mit Respekt gegen\u00fcber den Weinbergen, der Umwelt und der Gesellschaft und dazu verpflichtet, unseren Kunden qualitativ hochwertige Weine anzubieten.<\/p>\n<h3><b>Mission<\/b><\/h3>\n<p style=\"text-align: justify;\">Mit Respekt f\u00fcr die Tradition und unter Anwendung von Wissen, Innovation und Technologie, den Fortbestand des Familienunternehmens unter Wahrung der Grunds\u00e4tze und Werte der Familie zu sichern, mit dem Ziel unseren Kunden Qualit\u00e4tsweine anzubieten.<\/p>\n<h3>Werte<\/h3>\n<ul style=\"text-align: justify;\">\n<li>\n<h4><span style=\"color: inherit; font-family: inherit; font-size: 17.5px; font-weight: bold; line-height: 20px;\">Authentizit\u00e4t<\/span><\/h4>\n<\/li>\n<\/ul>\n<p style=\"text-align: justify;\">Wir sind unseren Urspr\u00fcngen und \u00dcberzeugungen treu. Alles, was wir tun, ist authentisch und repr\u00e4sentiert die Essenz dessen, was wir sind und woher wir kommen.<\/p>\n<ul style=\"text-align: justify;\">\n<li>\n<h4><strong>Qualit\u00e4t<\/strong><\/h4>\n<\/li>\n<\/ul>\n<p style=\"text-align: justify;\">Wir streben nach h\u00f6chster Qualit\u00e4t in allem, was wir tun und in jeder Interaktion mit unseren Kunden, Mitarbeitern, Lieferanten, Partnern, etc. Wir bieten unseren Kunden hochwertige Weine und ausgezeichneten Service.<\/p>\n<ul style=\"text-align: justify;\">\n<li>\n<h4><strong>Respekt<\/strong><\/h4>\n<\/li>\n<\/ul>\n<p style=\"text-align: justify;\">Wir handeln mit Integrit\u00e4t und Respekt gegen\u00fcber anderen: Lieferanten, Mitarbeitern, Partnern, Kunden und der Konkurrenz. Mit besonderer Sorgfalt und Respekt behandeln wir die Weinberge und die Umwelt.<\/p>\n<ul style=\"text-align: justify;\">\n<li>\n<h4><strong>Nachhaltigkeit<\/strong><\/h4>\n<\/li>\n<\/ul>\n<p style=\"text-align: justify;\">Wir glauben an langfristige Beziehungen. Wir arbeiten darauf hin, Wert und Zufriedenheit f\u00fcr unsere Kunden zu schaffen und sehen dies als einzigen Weg, das Fortbestehen des Familienunternehmens zu sichern.<\/p>\n<h3><b>\u00a0<\/b><\/h3>\n","protected":false},"excerpt":{"rendered":"<p>Vision Wir m\u00f6chten ein f\u00fchrendes Weingut in dieser Branche sein und als solches handeln, mit Respekt gegen\u00fcber den Weinbergen, der Umwelt und der Gesellschaft und dazu verpflichtet, unseren Kunden qualitativ hochwertige Weine anzubieten. Mission Mit Respekt f\u00fcr die Tradition und &hellip; <a href=\"http:\/\/berarte.es\/de\/vision-mission-und-werte\/\">Continued<\/a><\/p>\n","protected":false},"author":1,"featured_media":0,"parent":0,"menu_order":0,"comment_status":"closed","ping_status":"closed","template":"page-sidebar.php","meta":{"footnotes":""},"_links":{"self":[{"href":"http:\/\/berarte.es\/de\/wp-json\/wp\/v2\/pages\/45"}],"collection":[{"href":"http:\/\/berarte.es\/de\/wp-json\/wp\/v2\/pages"}],"about":[{"href":"http:\/\/berarte.es\/de\/wp-json\/wp\/v2\/types\/page"}],"author":[{"embeddable":true,"href":"http:\/\/berarte.es\/de\/wp-json\/wp\/v2\/users\/1"}],"replies":[{"embeddable":true,"href":"http:\/\/berarte.es\/de\/wp-json\/wp\/v2\/comments?post=45"}],"version-history":[{"count":3,"href":"http:\/\/berarte.es\/de\/wp-json\/wp\/v2\/pages\/45\/revisions"}],"predecessor-version":[{"id":66,"href":"http:\/\/berarte.es\/de\/wp-json\/wp\/v2\/pages\/45\/revisions\/66"}],"wp:attachment":[{"href":"http:\/\/berarte.es\/de\/wp-json\/wp\/v2\/media?parent=45"}],"curies":[{"name":"wp","href":"https:\/\/api.w.org\/{rel}","templated":true}]}}