{"id":47,"date":"2014-09-06T18:43:07","date_gmt":"2014-09-06T16:43:07","guid":{"rendered":"http:\/\/berarte.es\/de\/?page_id=47"},"modified":"2024-01-21T19:06:15","modified_gmt":"2024-01-21T17:06:15","slug":"weintourismus","status":"publish","type":"page","link":"http:\/\/berarte.es\/de\/weintourismus\/","title":{"rendered":"Weintourismus"},"content":{"rendered":"<p style=\"text-align: justify;\">In den letzten Jahren hat die Region der Rioja Alavesa diverse und sehr interessante touristische Angebote rund um Gastronomie und Wein (Weintourismus) entwickelt. Rioja Alavesa bietet zahlreiche interessante M\u00f6glichkeiten die Region zu besuchen und zu genie\u00dfen.<\/p>\n<p style=\"text-align: justify;\"><a href=\"http:\/\/berarte.es\/wp-content\/uploads\/2014\/03\/slide.jpg\"><img loading=\"lazy\" decoding=\"async\" class=\" wp-image-151 aligncenter\" src=\"http:\/\/berarte.es\/wp-content\/uploads\/2014\/03\/slide.jpg\" alt=\"slide\" width=\"1170\" height=\"450\" \/><\/a><\/p>\n<p style=\"text-align: justify;\">Das Angebot umfasst unter anderem:<\/p>\n<ul>\n<li>Restaurants<\/li>\n<li>wundersch\u00f6ne l\u00e4ndliche Ferienunterk\u00fcnfte (casas rurales)<\/li>\n<li>Hotels mit Charme<\/li>\n<li>Weing\u00fcter mit F\u00fchrungen<\/li>\n<li>Weinverkostung<\/li>\n<li>Spektakul\u00e4re Architektur<\/li>\n<li>Outdoor-Aktivit\u00e4ten<\/li>\n<li>Sport<\/li>\n<li>Natur<\/li>\n<li>Thematische F\u00fchrungen zu den Themen Weinbau und -herstellung<\/li>\n<\/ul>\n<p><img loading=\"lazy\" decoding=\"async\" class=\"wp-image-152 alignright\" src=\"http:\/\/berarte.es\/wp-content\/uploads\/2014\/03\/tourist-300x300.jpg\" alt=\"tourist\" width=\"200\" height=\"200\" \/><\/p>\n<p>&nbsp;<\/p>\n<p>Der Nationale Rat f\u00fcr Historisches Erbe hat beschlossen, eine Kandidatur der \u201cWein-Kulturlandschaft von La Rioja und Rioja Alavesa&#8221; f\u00fcr die Aufnahme in die UNESCO-Welterbeliste vorzulegen. Die Kandidatur wurde im Februar 2014 bei der UNESCO eingereicht und 2015 wird die internationale Organisation die endg\u00fcltige Entscheidung bekannt geben.<\/p>\n","protected":false},"excerpt":{"rendered":"<p>In den letzten Jahren hat die Region der Rioja Alavesa diverse und sehr interessante touristische Angebote rund um Gastronomie und Wein (Weintourismus) entwickelt. Rioja Alavesa bietet zahlreiche interessante M\u00f6glichkeiten die Region zu besuchen und zu genie\u00dfen. Das Angebot umfasst unter &hellip; <a href=\"http:\/\/berarte.es\/de\/weintourismus\/\">Continued<\/a><\/p>\n","protected":false},"author":1,"featured_media":0,"parent":0,"menu_order":0,"comment_status":"closed","ping_status":"closed","template":"page-sidebar.php","meta":{"footnotes":""},"_links":{"self":[{"href":"http:\/\/berarte.es\/de\/wp-json\/wp\/v2\/pages\/47"}],"collection":[{"href":"http:\/\/berarte.es\/de\/wp-json\/wp\/v2\/pages"}],"about":[{"href":"http:\/\/berarte.es\/de\/wp-json\/wp\/v2\/types\/page"}],"author":[{"embeddable":true,"href":"http:\/\/berarte.es\/de\/wp-json\/wp\/v2\/users\/1"}],"replies":[{"embeddable":true,"href":"http:\/\/berarte.es\/de\/wp-json\/wp\/v2\/comments?post=47"}],"version-history":[{"count":3,"href":"http:\/\/berarte.es\/de\/wp-json\/wp\/v2\/pages\/47\/revisions"}],"predecessor-version":[{"id":55,"href":"http:\/\/berarte.es\/de\/wp-json\/wp\/v2\/pages\/47\/revisions\/55"}],"wp:attachment":[{"href":"http:\/\/berarte.es\/de\/wp-json\/wp\/v2\/media?parent=47"}],"curies":[{"name":"wp","href":"https:\/\/api.w.org\/{rel}","templated":true}]}}